{"id":46,"date":"2021-02-05T22:45:17","date_gmt":"2021-02-05T20:45:17","guid":{"rendered":"http:\/\/orukyla.ee\/virtuaalassistent\/?page_id=46"},"modified":"2021-04-28T14:28:44","modified_gmt":"2021-04-28T11:28:44","slug":"kontakt","status":"publish","type":"page","link":"http:\/\/orukyla.ee\/virtuaalassistent\/?page_id=46","title":{"rendered":"Kontakt"},"content":{"rendered":"\n<p style=\"font-size:14px\"><\/p>\n\n\n\n<section id=\"gmb371c7b\" class=\"wp-block-gutentor-m2 section-gmb371c7b gutentor-module gutentor-dynamic-columns\"><div class=\"grid-container\"><div class=\"grid-row\">\n<div id=\"col-gm56161d\" class=\"wp-block-gutentor-m2-col col-gm56161d gutentor-module gutentor-dynamic-single-column grid-lg-4 grid-md-4 grid-12\"><div id=\"section-gm56161d\" class=\"section-gm56161d gutentor-single-col\">\n<div id=\"section-g6f93c9\" class=\"wp-block-gutentor-e6 section-g6f93c9 gutentor-element gutentor-element-image\"><div class=\"gutentor-element-image-box\"><div class=\"gutentor-image-thumb\"><img decoding=\"async\" class=\"normal-image\" src=\"http:\/\/orukyla.ee\/virtuaalassistent\/wp-content\/uploads\/2021\/04\/1-425-1.jpg\"\/><\/div><\/div><\/div>\n<\/div><\/div>\n\n\n\n<div id=\"col-gmd3a71a\" class=\"wp-block-gutentor-m2-col col-gmd3a71a gutentor-module gutentor-dynamic-single-column grid-lg-4 grid-md-4 grid-12\"><div id=\"section-gmd3a71a\" class=\"section-gmd3a71a gutentor-single-col\">\n<div id=\"section-g340838\" class=\"wp-block-gutentor-e0 section-g340838 gutentor-element gutentor-element-advanced-text\"><div class=\"gutentor-text-wrap\"><p class=\"gutentor-text\">Evelin Niinepuu<br>Tel 5666 7452<br>Evelin.Niinepuu@gmail.com<\/p><\/div><\/div>\n<\/div><\/div>\n<\/div><\/div><\/section>\n\n\n\n<p><\/p>\n\n\n\n<p>V\u00f5i saada meile p\u00e4ring l\u00e4bi kontaktivormi.<\/p>\n\n\n<div class=\"wpforms-container wpforms-container-full\" id=\"wpforms-199\"><form id=\"wpforms-form-199\" class=\"wpforms-validate wpforms-form\" data-formid=\"199\" method=\"post\" enctype=\"multipart\/form-data\" action=\"\/virtuaalassistent\/index.php?rest_route=%2Fwp%2Fv2%2Fpages%2F46\" data-token=\"7695ec47c3aac4a7928fdd5008a0e95f\"><noscript class=\"wpforms-error-noscript\">Please enable JavaScript in your browser to complete this form.<\/noscript><div class=\"wpforms-field-container\"><div id=\"wpforms-199-field_0-container\" class=\"wpforms-field wpforms-field-name\" data-field-id=\"0\"><label class=\"wpforms-field-label\" for=\"wpforms-199-field_0\">Nimi <span class=\"wpforms-required-label\">*<\/span><\/label><input type=\"text\" id=\"wpforms-199-field_0\" class=\"wpforms-field-medium wpforms-field-required\" name=\"wpforms[fields][0]\" required><\/div><div id=\"wpforms-199-field_1-container\" class=\"wpforms-field wpforms-field-email\" data-field-id=\"1\"><label class=\"wpforms-field-label\" for=\"wpforms-199-field_1\">Email <span class=\"wpforms-required-label\">*<\/span><\/label><input type=\"email\" id=\"wpforms-199-field_1\" class=\"wpforms-field-medium wpforms-field-required\" name=\"wpforms[fields][1]\" required><\/div><div id=\"wpforms-199-field_2-container\" class=\"wpforms-field wpforms-field-textarea\" data-field-id=\"2\"><label class=\"wpforms-field-label\" for=\"wpforms-199-field_2\">K\u00fcsimus <span class=\"wpforms-required-label\">*<\/span><\/label><textarea id=\"wpforms-199-field_2\" class=\"wpforms-field-medium wpforms-field-required\" name=\"wpforms[fields][2]\" required><\/textarea><\/div><\/div><div class=\"wpforms-submit-container\" ><input type=\"hidden\" name=\"wpforms[id]\" value=\"199\"><input type=\"hidden\" name=\"wpforms[author]\" value=\"1\"><button type=\"submit\" name=\"wpforms[submit]\" class=\"wpforms-submit \" id=\"wpforms-submit-199\" value=\"wpforms-submit\" aria-live=\"assertive\" data-alt-text=\"Sending...\" data-submit-text=\"Saada\">Saada<\/button><\/div><\/form><\/div>  <!-- .wpforms-container -->\n\n\n<p><\/p>\n","protected":false},"excerpt":{"rendered":"<p>V\u00f5i saada meile p\u00e4ring l\u00e4bi kontaktivormi.<\/p>\n","protected":false},"author":1,"featured_media":0,"parent":0,"menu_order":3,"comment_status":"closed","ping_status":"closed","template":"","meta":{"footnotes":""},"class_list":["post-46","page","type-page","status-publish","hentry"],"_links":{"self":[{"href":"http:\/\/orukyla.ee\/virtuaalassistent\/index.php?rest_route=\/wp\/v2\/pages\/46","targetHints":{"allow":["GET"]}}],"collection":[{"href":"http:\/\/orukyla.ee\/virtuaalassistent\/index.php?rest_route=\/wp\/v2\/pages"}],"about":[{"href":"http:\/\/orukyla.ee\/virtuaalassistent\/index.php?rest_route=\/wp\/v2\/types\/page"}],"author":[{"embeddable":true,"href":"http:\/\/orukyla.ee\/virtuaalassistent\/index.php?rest_route=\/wp\/v2\/users\/1"}],"replies":[{"embeddable":true,"href":"http:\/\/orukyla.ee\/virtuaalassistent\/index.php?rest_route=%2Fwp%2Fv2%2Fcomments&post=46"}],"version-history":[{"count":10,"href":"http:\/\/orukyla.ee\/virtuaalassistent\/index.php?rest_route=\/wp\/v2\/pages\/46\/revisions"}],"predecessor-version":[{"id":308,"href":"http:\/\/orukyla.ee\/virtuaalassistent\/index.php?rest_route=\/wp\/v2\/pages\/46\/revisions\/308"}],"wp:attachment":[{"href":"http:\/\/orukyla.ee\/virtuaalassistent\/index.php?rest_route=%2Fwp%2Fv2%2Fmedia&parent=46"}],"curies":[{"name":"wp","href":"https:\/\/api.w.org\/{rel}","templated":true}]}}