{"id":243,"date":"2021-04-27T13:38:13","date_gmt":"2021-04-27T10:38:13","guid":{"rendered":"http:\/\/orukyla.ee\/virtuaalassistent\/?page_id=243"},"modified":"2021-06-16T10:51:02","modified_gmt":"2021-06-16T07:51:02","slug":"243-2","status":"publish","type":"page","link":"http:\/\/orukyla.ee\/virtuaalassistent\/","title":{"rendered":"Virtuaalassistent"},"content":{"rendered":"\n<section id=\"gm3c34a14\" class=\"wp-block-gutentor-m2 section-gm3c34a14 gutentor-module gutentor-dynamic-columns\"><div class=\"grid-container\"><div class=\"grid-row\">\n<div id=\"col-gmf0c20e\" class=\"wp-block-gutentor-m2-col col-gmf0c20e gutentor-module gutentor-dynamic-single-column grid-lg-6 grid-md-4 grid-12\"><div id=\"section-gmf0c20e\" class=\"section-gmf0c20e gutentor-single-col\">\n<p><em><strong>Aeg, kui seda on h\u00e4sti kasutatud, on nagu haritud p\u00f5ld, mille iga v\u00e4ike lapike annab rohkem eluks vajalikku kui isegi k\u00f5ige rikkama maapinna avar v\u00e4li, mille on vallutanud umbrohi ja ohakad.<\/strong><\/em><\/p>\n\n\n\n<p class=\"has-small-font-size\"><em>David Hume<br>1711-1776<\/em><\/p>\n<\/div><\/div>\n\n\n\n<div id=\"col-gm72f1fc\" class=\"wp-block-gutentor-m2-col col-gm72f1fc gutentor-module gutentor-dynamic-single-column grid-lg-6 grid-md-4 grid-12\"><div id=\"section-gm72f1fc\" class=\"section-gm72f1fc gutentor-single-col\">\n<div id=\"section-g739a57\" class=\"wp-block-gutentor-e6 section-g739a57 gutentor-element gutentor-element-image\"><div class=\"gutentor-element-image-box\"><div class=\"gutentor-image-thumb\"><img decoding=\"async\" class=\"normal-image\" src=\"http:\/\/orukyla.ee\/virtuaalassistent\/wp-content\/uploads\/2021\/02\/cropped-1-220.jpg\"\/><\/div><\/div><\/div>\n<\/div><\/div>\n<\/div><\/div><\/section>\n\n\n\n<p class=\"has-medium-font-size\"><strong>P\u00f5llumees!<\/strong><\/p>\n\n\n\n<p class=\"has-medium-font-size\">\u00c4ra raiska oma v\u00e4\u00e4rtuslikku aega t\u00f6\u00f6dele, mida sa h\u00e4sti ei oska \u2013 las seda teevad need, kes seda oskavad! V\u00e4\u00e4rtustades p\u00f5llumehe aega, l\u00f5ime ettev\u00f5tte, mis aitab tegeleda e-PRIA-toimingutega, n\u00e4iteks loomade liigutamised, p\u00f5ldude joonistamised, pindala- ja loomatoetuste taotlemised, investeeringutoetuste taotlemised jne. Lisaks pakume kontorit\u00f6\u00f6de ja dokumentide assisteerimisteenust ning \u00e4riplaanide kirjutamist ja seda k\u00f5ike kontaktivabalt, kasutades t\u00e4nap\u00e4eva digiajastu pakutavaid v\u00f5imalusi. <\/p>\n","protected":false},"excerpt":{"rendered":"<p>P\u00f5llumees! \u00c4ra raiska oma v\u00e4\u00e4rtuslikku aega t\u00f6\u00f6dele, mida sa h\u00e4sti ei oska \u2013 las seda teevad need, kes seda oskavad! V\u00e4\u00e4rtustades p\u00f5llumehe aega, l\u00f5ime ettev\u00f5tte, mis aitab tegeleda e-PRIA-toimingutega, n\u00e4iteks loomade liigutamised, p\u00f5ldude joonistamised, pindala- ja loomatoetuste taotlemised, investeeringutoetuste taotlemised jne. Lisaks pakume kontorit\u00f6\u00f6de ja dokumentide assisteerimisteenust ning \u00e4riplaanide kirjutamist [&hellip;]<\/p>\n","protected":false},"author":1,"featured_media":0,"parent":0,"menu_order":0,"comment_status":"closed","ping_status":"closed","template":"","meta":{"footnotes":""},"class_list":["post-243","page","type-page","status-publish","hentry"],"_links":{"self":[{"href":"http:\/\/orukyla.ee\/virtuaalassistent\/index.php?rest_route=\/wp\/v2\/pages\/243","targetHints":{"allow":["GET"]}}],"collection":[{"href":"http:\/\/orukyla.ee\/virtuaalassistent\/index.php?rest_route=\/wp\/v2\/pages"}],"about":[{"href":"http:\/\/orukyla.ee\/virtuaalassistent\/index.php?rest_route=\/wp\/v2\/types\/page"}],"author":[{"embeddable":true,"href":"http:\/\/orukyla.ee\/virtuaalassistent\/index.php?rest_route=\/wp\/v2\/users\/1"}],"replies":[{"embeddable":true,"href":"http:\/\/orukyla.ee\/virtuaalassistent\/index.php?rest_route=%2Fwp%2Fv2%2Fcomments&post=243"}],"version-history":[{"count":13,"href":"http:\/\/orukyla.ee\/virtuaalassistent\/index.php?rest_route=\/wp\/v2\/pages\/243\/revisions"}],"predecessor-version":[{"id":360,"href":"http:\/\/orukyla.ee\/virtuaalassistent\/index.php?rest_route=\/wp\/v2\/pages\/243\/revisions\/360"}],"wp:attachment":[{"href":"http:\/\/orukyla.ee\/virtuaalassistent\/index.php?rest_route=%2Fwp%2Fv2%2Fmedia&parent=243"}],"curies":[{"name":"wp","href":"https:\/\/api.w.org\/{rel}","templated":true}]}}